{"id":27,"date":"2019-03-24T21:38:10","date_gmt":"2019-03-24T20:38:10","guid":{"rendered":"http:\/\/dev.bibione.holiday\/cz\/?page_id=27"},"modified":"2019-03-24T21:38:11","modified_gmt":"2019-03-24T20:38:11","slug":"animace-pro-deti","status":"publish","type":"page","link":"https:\/\/bibione.holiday\/cz\/zabava-a-volny-cas\/animace-pro-deti\/","title":{"rendered":"Animace pro d\u011bti"},"content":{"rendered":"","protected":false},"excerpt":{"rendered":"","protected":false},"author":1,"featured_media":0,"parent":25,"menu_order":0,"comment_status":"closed","ping_status":"closed","template":"","meta":{"footnotes":""},"class_list":["post-27","page","type-page","status-publish","hentry"],"yoast_head":"<!-- This site is optimized with the Yoast SEO plugin v25.2 - https:\/\/yoast.com\/wordpress\/plugins\/seo\/ -->\n<title>Animace pro d\u011bti - Bibione CZ<\/title>\n<meta name=\"robots\" content=\"index, follow, max-snippet:-1, max-image-preview:large, max-video-preview:-1\" \/>\n<link rel=\"canonical\" href=\"https:\/\/bibione.holiday\/cz\/zabava-a-volny-cas\/animace-pro-deti\/\" \/>\n<meta property=\"og:locale\" content=\"cs_CZ\" \/>\n<meta property=\"og:type\" content=\"article\" \/>\n<meta property=\"og:title\" content=\"Animace pro d\u011bti - Bibione CZ\" \/>\n<meta property=\"og:url\" content=\"https:\/\/bibione.holiday\/cz\/zabava-a-volny-cas\/animace-pro-deti\/\" \/>\n<meta property=\"og:site_name\" content=\"Bibione CZ\" \/>\n<meta property=\"article:modified_time\" content=\"2019-03-24T20:38:11+00:00\" \/>\n<meta name=\"twitter:card\" content=\"summary_large_image\" \/>\n<script type=\"application\/ld+json\" class=\"yoast-schema-graph\">{\"@context\":\"https:\/\/schema.org\",\"@graph\":[{\"@type\":\"WebPage\",\"@id\":\"https:\/\/bibione.holiday\/cz\/zabava-a-volny-cas\/animace-pro-deti\/\",\"url\":\"https:\/\/bibione.holiday\/cz\/zabava-a-volny-cas\/animace-pro-deti\/\",\"name\":\"Animace pro d\u011bti - Bibione CZ\",\"isPartOf\":{\"@id\":\"https:\/\/bibione.holiday\/cz\/#website\"},\"datePublished\":\"2019-03-24T20:38:10+00:00\",\"dateModified\":\"2019-03-24T20:38:11+00:00\",\"breadcrumb\":{\"@id\":\"https:\/\/bibione.holiday\/cz\/zabava-a-volny-cas\/animace-pro-deti\/#breadcrumb\"},\"inLanguage\":\"cs\",\"potentialAction\":[{\"@type\":\"ReadAction\",\"target\":[\"https:\/\/bibione.holiday\/cz\/zabava-a-volny-cas\/animace-pro-deti\/\"]}]},{\"@type\":\"BreadcrumbList\",\"@id\":\"https:\/\/bibione.holiday\/cz\/zabava-a-volny-cas\/animace-pro-deti\/#breadcrumb\",\"itemListElement\":[{\"@type\":\"ListItem\",\"position\":1,\"name\":\"Home\",\"item\":\"https:\/\/bibione.holiday\/cz\/\"},{\"@type\":\"ListItem\",\"position\":2,\"name\":\"Z\u00e1bava a voln\u00fd \u010das\",\"item\":\"https:\/\/bibione.holiday\/cz\/zabava-a-volny-cas\/\"},{\"@type\":\"ListItem\",\"position\":3,\"name\":\"Animace pro d\u011bti\"}]},{\"@type\":\"WebSite\",\"@id\":\"https:\/\/bibione.holiday\/cz\/#website\",\"url\":\"https:\/\/bibione.holiday\/cz\/\",\"name\":\"Bibione CZ\",\"description\":\"Dal\u0161\u00ed nov\u00fd web v r\u00e1mci s\u00edt\u011b bibione.holiday s\u00ed\u0165 web\u016f\",\"potentialAction\":[{\"@type\":\"SearchAction\",\"target\":{\"@type\":\"EntryPoint\",\"urlTemplate\":\"https:\/\/bibione.holiday\/cz\/?s={search_term_string}\"},\"query-input\":{\"@type\":\"PropertyValueSpecification\",\"valueRequired\":true,\"valueName\":\"search_term_string\"}}],\"inLanguage\":\"cs\"}]}<\/script>\n<!-- \/ Yoast SEO plugin. -->","yoast_head_json":{"title":"Animace pro d\u011bti - Bibione CZ","robots":{"index":"index","follow":"follow","max-snippet":"max-snippet:-1","max-image-preview":"max-image-preview:large","max-video-preview":"max-video-preview:-1"},"canonical":"https:\/\/bibione.holiday\/cz\/zabava-a-volny-cas\/animace-pro-deti\/","og_locale":"cs_CZ","og_type":"article","og_title":"Animace pro d\u011bti - Bibione CZ","og_url":"https:\/\/bibione.holiday\/cz\/zabava-a-volny-cas\/animace-pro-deti\/","og_site_name":"Bibione CZ","article_modified_time":"2019-03-24T20:38:11+00:00","twitter_card":"summary_large_image","schema":{"@context":"https:\/\/schema.org","@graph":[{"@type":"WebPage","@id":"https:\/\/bibione.holiday\/cz\/zabava-a-volny-cas\/animace-pro-deti\/","url":"https:\/\/bibione.holiday\/cz\/zabava-a-volny-cas\/animace-pro-deti\/","name":"Animace pro d\u011bti - Bibione CZ","isPartOf":{"@id":"https:\/\/bibione.holiday\/cz\/#website"},"datePublished":"2019-03-24T20:38:10+00:00","dateModified":"2019-03-24T20:38:11+00:00","breadcrumb":{"@id":"https:\/\/bibione.holiday\/cz\/zabava-a-volny-cas\/animace-pro-deti\/#breadcrumb"},"inLanguage":"cs","potentialAction":[{"@type":"ReadAction","target":["https:\/\/bibione.holiday\/cz\/zabava-a-volny-cas\/animace-pro-deti\/"]}]},{"@type":"BreadcrumbList","@id":"https:\/\/bibione.holiday\/cz\/zabava-a-volny-cas\/animace-pro-deti\/#breadcrumb","itemListElement":[{"@type":"ListItem","position":1,"name":"Home","item":"https:\/\/bibione.holiday\/cz\/"},{"@type":"ListItem","position":2,"name":"Z\u00e1bava a voln\u00fd \u010das","item":"https:\/\/bibione.holiday\/cz\/zabava-a-volny-cas\/"},{"@type":"ListItem","position":3,"name":"Animace pro d\u011bti"}]},{"@type":"WebSite","@id":"https:\/\/bibione.holiday\/cz\/#website","url":"https:\/\/bibione.holiday\/cz\/","name":"Bibione CZ","description":"Dal\u0161\u00ed nov\u00fd web v r\u00e1mci s\u00edt\u011b bibione.holiday s\u00ed\u0165 web\u016f","potentialAction":[{"@type":"SearchAction","target":{"@type":"EntryPoint","urlTemplate":"https:\/\/bibione.holiday\/cz\/?s={search_term_string}"},"query-input":{"@type":"PropertyValueSpecification","valueRequired":true,"valueName":"search_term_string"}}],"inLanguage":"cs"}]}},"_links":{"self":[{"href":"https:\/\/bibione.holiday\/cz\/wp-json\/wp\/v2\/pages\/27","targetHints":{"allow":["GET"]}}],"collection":[{"href":"https:\/\/bibione.holiday\/cz\/wp-json\/wp\/v2\/pages"}],"about":[{"href":"https:\/\/bibione.holiday\/cz\/wp-json\/wp\/v2\/types\/page"}],"author":[{"embeddable":true,"href":"https:\/\/bibione.holiday\/cz\/wp-json\/wp\/v2\/users\/1"}],"replies":[{"embeddable":true,"href":"https:\/\/bibione.holiday\/cz\/wp-json\/wp\/v2\/comments?post=27"}],"version-history":[{"count":1,"href":"https:\/\/bibione.holiday\/cz\/wp-json\/wp\/v2\/pages\/27\/revisions"}],"predecessor-version":[{"id":28,"href":"https:\/\/bibione.holiday\/cz\/wp-json\/wp\/v2\/pages\/27\/revisions\/28"}],"up":[{"embeddable":true,"href":"https:\/\/bibione.holiday\/cz\/wp-json\/wp\/v2\/pages\/25"}],"wp:attachment":[{"href":"https:\/\/bibione.holiday\/cz\/wp-json\/wp\/v2\/media?parent=27"}],"curies":[{"name":"wp","href":"https:\/\/api.w.org\/{rel}","templated":true}]}}